{"id":129,"date":"2026-02-25T18:36:40","date_gmt":"2026-02-25T17:36:40","guid":{"rendered":"https:\/\/dayoff.si\/?page_id=129"},"modified":"2026-04-21T19:45:47","modified_gmt":"2026-04-21T18:45:47","slug":"dogodivscine","status":"publish","type":"page","link":"https:\/\/dayoff.si\/?page_id=129","title":{"rendered":"Dogodiv\u0161\u010dine"},"content":{"rendered":"\n<h1 class=\"wp-block-heading has-text-align-center\">DOGODIV\u0160\u010cINE<\/h1>\n\n\n\n<div style=\"height:50px\" aria-hidden=\"true\" class=\"wp-block-spacer\"><\/div>\n\n\n\n<div class=\"wp-block-group projects-grid\"><div class=\"wp-block-group__inner-container is-layout-constrained wp-block-group-is-layout-constrained\"><div class=\"projects-grid ticss-15d1e3a6 has-light-bg wp-block-themeisle-blocks-posts-grid\" id=\"wp-block-themeisle-blocks-posts-grid-4a18848a\"><div class=\"is-grid o-posts-grid-columns-3\"><div class=\"o-posts-grid-post-blog o-posts-grid-post-plain\"><div class=\"o-posts-grid-post\"><div class=\"o-posts-grid-post-image\"><a href=\"https:\/\/dayoff.si\/?p=726\"><img data-opt-id=1676649520  fetchpriority=\"high\" decoding=\"async\" width=\"1200\" height=\"700\" src=\"https:\/\/mllbznnbnpgc.i.optimole.com\/w:1200\/h:700\/q:mauto\/rt:fill\/g:ce\/f:best\/https:\/\/dayoff.si\/wp-content\/uploads\/2026\/04\/thumbnail.jpg\" class=\"attachment-ocean-thumb-l size-ocean-thumb-l\" alt=\"Jaka Kambi\u010d &#8211; Srce\" srcset=\"https:\/\/mllbznnbnpgc.i.optimole.com\/w:1200\/h:700\/q:mauto\/rt:fill\/g:ce\/f:best\/https:\/\/dayoff.si\/wp-content\/uploads\/2026\/04\/thumbnail-scaled.jpg 1200w, https:\/\/mllbznnbnpgc.i.optimole.com\/w:1200\/h:700\/q:mauto\/rt:fill\/g:ce\/f:best\/dpr:2\/https:\/\/dayoff.si\/wp-content\/uploads\/2026\/04\/thumbnail-scaled.jpg 2x\" sizes=\"(max-width: 1200px) 100vw, 1200px\" \/><\/a><\/div><div class=\"o-posts-grid-post-body\"><span class=\"o-posts-grid-post-category\"><a href=\"https:\/\/dayoff.si\/?cat=33\">Videospot<\/a><\/span><h4 class=\"o-posts-grid-post-title\"><a href=\"https:\/\/dayoff.si\/?p=726\">Jaka Kambi\u010d &#8211; Srce<\/a><\/h4><\/div><\/div><\/div><div class=\"o-posts-grid-post-blog o-posts-grid-post-plain\"><div class=\"o-posts-grid-post\"><div class=\"o-posts-grid-post-image\"><a href=\"https:\/\/dayoff.si\/?p=549\"><img data-opt-id=982888240  fetchpriority=\"high\" decoding=\"async\" width=\"1200\" height=\"700\" src=\"https:\/\/mllbznnbnpgc.i.optimole.com\/w:1200\/h:700\/q:mauto\/rt:fill\/g:ce\/f:best\/https:\/\/dayoff.si\/wp-content\/uploads\/2026\/03\/2022-130.jpg\" class=\"attachment-ocean-thumb-l size-ocean-thumb-l\" alt=\"dayOFF Sessions\" srcset=\"https:\/\/mllbznnbnpgc.i.optimole.com\/w:1200\/h:700\/q:mauto\/rt:fill\/g:ce\/f:best\/https:\/\/dayoff.si\/wp-content\/uploads\/2026\/03\/2022-130.jpg 1200w, https:\/\/mllbznnbnpgc.i.optimole.com\/w:1200\/h:700\/q:mauto\/rt:fill\/g:ce\/f:best\/dpr:2\/https:\/\/dayoff.si\/wp-content\/uploads\/2026\/03\/2022-130.jpg 2x\" sizes=\"(max-width: 1200px) 100vw, 1200px\" \/><\/a><\/div><div class=\"o-posts-grid-post-body\"><span class=\"o-posts-grid-post-category\"><a href=\"https:\/\/dayoff.si\/?cat=32\">dayOFF Sessions<\/a><\/span><h4 class=\"o-posts-grid-post-title\"><a href=\"https:\/\/dayoff.si\/?p=549\">dayOFF Sessions<\/a><\/h4><\/div><\/div><\/div><div class=\"o-posts-grid-post-blog o-posts-grid-post-plain\"><div class=\"o-posts-grid-post\"><div class=\"o-posts-grid-post-image\"><a href=\"https:\/\/dayoff.si\/?p=405\"><img data-opt-id=1046205238  data-opt-src=\"https:\/\/mllbznnbnpgc.i.optimole.com\/w:1200\/h:700\/q:mauto\/rt:fill\/g:ce\/f:best\/https:\/\/dayoff.si\/wp-content\/uploads\/2026\/03\/thumbnail.jpg\"  decoding=\"async\" width=\"1200\" height=\"700\" src=\"data:image/svg+xml,%3Csvg%20viewBox%3D%220%200%201200%20700%22%20width%3D%221200%22%20height%3D%22700%22%20xmlns%3D%22http%3A%2F%2Fwww.w3.org%2F2000%2Fsvg%22%3E%3Crect%20width%3D%221200%22%20height%3D%22700%22%20fill%3D%22transparent%22%2F%3E%3C%2Fsvg%3E\" class=\"attachment-ocean-thumb-l size-ocean-thumb-l\" alt=\"Nina Strnad &#8211; Krog in krog\" old-srcset=\"https:\/\/mllbznnbnpgc.i.optimole.com\/w:1200\/h:700\/q:mauto\/rt:fill\/g:ce\/f:best\/https:\/\/dayoff.si\/wp-content\/uploads\/2026\/03\/thumbnail-scaled.jpg 1200w, https:\/\/mllbznnbnpgc.i.optimole.com\/w:1200\/h:700\/q:mauto\/rt:fill\/g:ce\/f:best\/dpr:2\/https:\/\/dayoff.si\/wp-content\/uploads\/2026\/03\/thumbnail-scaled.jpg 2x\" \/><\/a><\/div><div class=\"o-posts-grid-post-body\"><span class=\"o-posts-grid-post-category\"><a href=\"https:\/\/dayoff.si\/?cat=33\">Videospot<\/a><\/span><h4 class=\"o-posts-grid-post-title\"><a href=\"https:\/\/dayoff.si\/?p=405\">Nina Strnad &#8211; Krog in krog<\/a><\/h4><\/div><\/div><\/div><\/div> <\/div><\/div><\/div>\n","protected":false},"excerpt":{"rendered":"<p>DOGODIV\u0160\u010cINE<\/p>\n","protected":false},"author":1,"featured_media":0,"parent":0,"menu_order":0,"comment_status":"closed","ping_status":"closed","template":"","meta":{"_themeisle_gutenberg_block_has_review":false,"footnotes":""},"class_list":["post-129","page","type-page","status-publish","hentry","entry","owp-thumbs-layout-horizontal","owp-btn-normal","owp-tabs-layout-section","has-no-thumbnails","has-product-nav"],"yoast_head":"<!-- This site is optimized with the Yoast SEO plugin v27.4 - https:\/\/yoast.com\/product\/yoast-seo-wordpress\/ -->\n<title>Dogodiv\u0161\u010dine - DAYOFF produkcija<\/title>\n<meta name=\"robots\" content=\"index, follow, max-snippet:-1, max-image-preview:large, max-video-preview:-1\" \/>\n<link rel=\"canonical\" href=\"https:\/\/dayoff.si\/?page_id=129\" \/>\n<meta property=\"og:locale\" content=\"sl_SI\" \/>\n<meta property=\"og:type\" content=\"article\" \/>\n<meta property=\"og:title\" content=\"Dogodiv\u0161\u010dine - DAYOFF produkcija\" \/>\n<meta property=\"og:description\" content=\"DOGODIV\u0160\u010cINE\" \/>\n<meta property=\"og:url\" content=\"https:\/\/dayoff.si\/?page_id=129\" \/>\n<meta property=\"og:site_name\" content=\"DAYOFF produkcija\" \/>\n<meta property=\"article:modified_time\" content=\"2026-04-21T18:45:47+00:00\" \/>\n<meta name=\"twitter:card\" content=\"summary_large_image\" \/>\n<meta name=\"twitter:label1\" content=\"Est. reading time\" \/>\n\t<meta name=\"twitter:data1\" content=\"1 minuta\" \/>\n<script type=\"application\/ld+json\" class=\"yoast-schema-graph\">{\"@context\":\"https:\\\/\\\/schema.org\",\"@graph\":[{\"@type\":\"WebPage\",\"@id\":\"https:\\\/\\\/dayoff.si\\\/?page_id=129\",\"url\":\"https:\\\/\\\/dayoff.si\\\/?page_id=129\",\"name\":\"Dogodiv\u0161\u010dine - DAYOFF produkcija\",\"isPartOf\":{\"@id\":\"https:\\\/\\\/dayoff.si\\\/#website\"},\"datePublished\":\"2026-02-25T17:36:40+00:00\",\"dateModified\":\"2026-04-21T18:45:47+00:00\",\"breadcrumb\":{\"@id\":\"https:\\\/\\\/dayoff.si\\\/?page_id=129#breadcrumb\"},\"inLanguage\":\"sl-SI\",\"potentialAction\":[{\"@type\":\"ReadAction\",\"target\":[\"https:\\\/\\\/dayoff.si\\\/?page_id=129\"]}]},{\"@type\":\"BreadcrumbList\",\"@id\":\"https:\\\/\\\/dayoff.si\\\/?page_id=129#breadcrumb\",\"itemListElement\":[{\"@type\":\"ListItem\",\"position\":1,\"name\":\"Home\",\"item\":\"https:\\\/\\\/dayoff.si\\\/\"},{\"@type\":\"ListItem\",\"position\":2,\"name\":\"Dogodiv\u0161\u010dine\"}]},{\"@type\":\"WebSite\",\"@id\":\"https:\\\/\\\/dayoff.si\\\/#website\",\"url\":\"https:\\\/\\\/dayoff.si\\\/\",\"name\":\"dayOFF\",\"description\":\"Produkcija in najem opreme\",\"publisher\":{\"@id\":\"https:\\\/\\\/dayoff.si\\\/#organization\"},\"potentialAction\":[{\"@type\":\"SearchAction\",\"target\":{\"@type\":\"EntryPoint\",\"urlTemplate\":\"https:\\\/\\\/dayoff.si\\\/?s={search_term_string}\"},\"query-input\":{\"@type\":\"PropertyValueSpecification\",\"valueRequired\":true,\"valueName\":\"search_term_string\"}}],\"inLanguage\":\"sl-SI\"},{\"@type\":\"Organization\",\"@id\":\"https:\\\/\\\/dayoff.si\\\/#organization\",\"name\":\"dayOFF\",\"url\":\"https:\\\/\\\/dayoff.si\\\/\",\"logo\":{\"@type\":\"ImageObject\",\"inLanguage\":\"sl-SI\",\"@id\":\"https:\\\/\\\/dayoff.si\\\/#\\\/schema\\\/logo\\\/image\\\/\",\"url\":\"https:\\/\\/dayoff.si\\/wp-content\\/uploads\\/2026\\/02\\/crna_rdeca.webp\",\"contentUrl\":\"https:\\/\\/dayoff.si\\/wp-content\\/uploads\\/2026\\/02\\/crna_rdeca.webp\",\"width\":567,\"height\":450,\"caption\":\"dayOFF\"},\"image\":{\"@id\":\"https:\\\/\\\/dayoff.si\\\/#\\\/schema\\\/logo\\\/image\\\/\"},\"sameAs\":[\"https:\\\/\\\/www.instagram.com\\\/dayoff.si\\\/\"]}]}<\/script>\n<!-- \/ Yoast SEO plugin. -->","yoast_head_json":{"title":"Dogodiv\u0161\u010dine - DAYOFF produkcija","robots":{"index":"index","follow":"follow","max-snippet":"max-snippet:-1","max-image-preview":"max-image-preview:large","max-video-preview":"max-video-preview:-1"},"canonical":"https:\/\/dayoff.si\/?page_id=129","og_locale":"sl_SI","og_type":"article","og_title":"Dogodiv\u0161\u010dine - DAYOFF produkcija","og_description":"DOGODIV\u0160\u010cINE","og_url":"https:\/\/dayoff.si\/?page_id=129","og_site_name":"DAYOFF produkcija","article_modified_time":"2026-04-21T18:45:47+00:00","twitter_card":"summary_large_image","twitter_misc":{"Est. reading time":"1 minuta"},"schema":{"@context":"https:\/\/schema.org","@graph":[{"@type":"WebPage","@id":"https:\/\/dayoff.si\/?page_id=129","url":"https:\/\/dayoff.si\/?page_id=129","name":"Dogodiv\u0161\u010dine - DAYOFF produkcija","isPartOf":{"@id":"https:\/\/dayoff.si\/#website"},"datePublished":"2026-02-25T17:36:40+00:00","dateModified":"2026-04-21T18:45:47+00:00","breadcrumb":{"@id":"https:\/\/dayoff.si\/?page_id=129#breadcrumb"},"inLanguage":"sl-SI","potentialAction":[{"@type":"ReadAction","target":["https:\/\/dayoff.si\/?page_id=129"]}]},{"@type":"BreadcrumbList","@id":"https:\/\/dayoff.si\/?page_id=129#breadcrumb","itemListElement":[{"@type":"ListItem","position":1,"name":"Home","item":"https:\/\/dayoff.si\/"},{"@type":"ListItem","position":2,"name":"Dogodiv\u0161\u010dine"}]},{"@type":"WebSite","@id":"https:\/\/dayoff.si\/#website","url":"https:\/\/dayoff.si\/","name":"dayOFF","description":"Produkcija in najem opreme","publisher":{"@id":"https:\/\/dayoff.si\/#organization"},"potentialAction":[{"@type":"SearchAction","target":{"@type":"EntryPoint","urlTemplate":"https:\/\/dayoff.si\/?s={search_term_string}"},"query-input":{"@type":"PropertyValueSpecification","valueRequired":true,"valueName":"search_term_string"}}],"inLanguage":"sl-SI"},{"@type":"Organization","@id":"https:\/\/dayoff.si\/#organization","name":"dayOFF","url":"https:\/\/dayoff.si\/","logo":{"@type":"ImageObject","inLanguage":"sl-SI","@id":"https:\/\/dayoff.si\/#\/schema\/logo\/image\/","url":"https:\/\/mllbznnbnpgc.i.optimole.com\/w:auto\/h:auto\/q:mauto\/f:best\/https:\/\/dayoff.si\/wp-content\/uploads\/2026\/02\/crna_rdeca.webp","contentUrl":"https:\/\/mllbznnbnpgc.i.optimole.com\/w:auto\/h:auto\/q:mauto\/f:best\/https:\/\/dayoff.si\/wp-content\/uploads\/2026\/02\/crna_rdeca.webp","width":567,"height":450,"caption":"dayOFF"},"image":{"@id":"https:\/\/dayoff.si\/#\/schema\/logo\/image\/"},"sameAs":["https:\/\/www.instagram.com\/dayoff.si\/"]}]}},"_links":{"self":[{"href":"https:\/\/dayoff.si\/index.php?rest_route=\/wp\/v2\/pages\/129","targetHints":{"allow":["GET"]}}],"collection":[{"href":"https:\/\/dayoff.si\/index.php?rest_route=\/wp\/v2\/pages"}],"about":[{"href":"https:\/\/dayoff.si\/index.php?rest_route=\/wp\/v2\/types\/page"}],"author":[{"embeddable":true,"href":"https:\/\/dayoff.si\/index.php?rest_route=\/wp\/v2\/users\/1"}],"replies":[{"embeddable":true,"href":"https:\/\/dayoff.si\/index.php?rest_route=%2Fwp%2Fv2%2Fcomments&post=129"}],"version-history":[{"count":5,"href":"https:\/\/dayoff.si\/index.php?rest_route=\/wp\/v2\/pages\/129\/revisions"}],"predecessor-version":[{"id":783,"href":"https:\/\/dayoff.si\/index.php?rest_route=\/wp\/v2\/pages\/129\/revisions\/783"}],"wp:attachment":[{"href":"https:\/\/dayoff.si\/index.php?rest_route=%2Fwp%2Fv2%2Fmedia&parent=129"}],"curies":[{"name":"wp","href":"https:\/\/api.w.org\/{rel}","templated":true}]}}