{"id":240,"date":"2026-02-28T15:05:07","date_gmt":"2026-02-28T14:05:07","guid":{"rendered":"https:\/\/dayoff.si\/?post_type=product&#038;p=240"},"modified":"2026-03-17T20:44:16","modified_gmt":"2026-03-17T19:44:16","slug":"blackmagic-pyxis","status":"publish","type":"product","link":"https:\/\/dayoff.si\/?product=blackmagic-pyxis","title":{"rendered":"Blackmagic PYXIS 6k EF"},"content":{"rendered":"<p class=\"p1\">Kompaktna profesionalna kamera s 6K full-frame senzorjem, ki ponuja izjemno ostrino, \u0161irok dinami\u010dni razpon in prepoznavno Blackmagic barvno znanost. EF mount omogo\u010da uporabo \u0161irokega nabora Canon EF objektivov. Idealna izbira za reklame, glasbene videe, intervjuje in filmske projekte.<\/p>\n","protected":false},"excerpt":{"rendered":"<p>Za povpra\u0161evanje naju <strong><a href=\"https:\/\/dayoff.si\/?page_id=133\">kontaktiraj<\/a>.<\/strong><\/p>\n","protected":false},"featured_media":241,"template":"","meta":{"_themeisle_gutenberg_block_has_review":false},"product_brand":[],"product_cat":[22],"product_tag":[],"class_list":{"0":"post-240","1":"product","2":"type-product","3":"status-publish","4":"has-post-thumbnail","6":"product_cat-video","8":"entry","9":"has-media","11":"first","12":"instock","13":"shipping-taxable","14":"purchasable","15":"product-type-simple","16":"has-product-nav","17":"col","18":"span_1_of_4","19":"owp-content-center","20":"owp-thumbs-layout-horizontal","21":"owp-btn-normal","22":"owp-tabs-layout-section","23":"has-no-thumbnails"},"yoast_head":"<!-- This site is optimized with the Yoast SEO plugin v27.4 - https:\/\/yoast.com\/product\/yoast-seo-wordpress\/ -->\n<title>Blackmagic PYXIS 6k EF - DAYOFF produkcija<\/title>\n<meta name=\"robots\" content=\"index, follow, max-snippet:-1, max-image-preview:large, max-video-preview:-1\" \/>\n<link rel=\"canonical\" href=\"https:\/\/dayoff.si\/?product=blackmagic-pyxis\" \/>\n<meta property=\"og:locale\" content=\"sl_SI\" \/>\n<meta property=\"og:type\" content=\"article\" \/>\n<meta property=\"og:title\" content=\"Blackmagic PYXIS 6k EF - DAYOFF produkcija\" \/>\n<meta property=\"og:description\" content=\"Za povpra\u0161evanje naju kontaktiraj.\" \/>\n<meta property=\"og:url\" content=\"https:\/\/dayoff.si\/?product=blackmagic-pyxis\" \/>\n<meta property=\"og:site_name\" content=\"DAYOFF produkcija\" \/>\n<meta property=\"article:modified_time\" content=\"2026-03-17T19:44:16+00:00\" \/>\n<meta property=\"og:image\" content=\"https:\/\/mllbznnbnpgc.i.optimole.com\/w:640\/h:640\/q:mauto\/f:best\/https:\/\/dayoff.si\/wp-content\/uploads\/2026\/02\/pyxis.jpg\" \/>\n\t<meta property=\"og:image:width\" content=\"640\" \/>\n\t<meta property=\"og:image:height\" content=\"640\" \/>\n\t<meta property=\"og:image:type\" content=\"image\/jpeg\" \/>\n<meta name=\"twitter:card\" content=\"summary_large_image\" \/>\n<meta name=\"twitter:label1\" content=\"Est. reading time\" \/>\n\t<meta name=\"twitter:data1\" content=\"1 minuta\" \/>\n<script type=\"application\/ld+json\" class=\"yoast-schema-graph\">{\"@context\":\"https:\\\/\\\/schema.org\",\"@graph\":[{\"@type\":\"WebPage\",\"@id\":\"https:\\\/\\\/dayoff.si\\\/?product=blackmagic-pyxis\",\"url\":\"https:\\\/\\\/dayoff.si\\\/?product=blackmagic-pyxis\",\"name\":\"Blackmagic PYXIS 6k EF - DAYOFF produkcija\",\"isPartOf\":{\"@id\":\"https:\\\/\\\/dayoff.si\\\/#website\"},\"primaryImageOfPage\":{\"@id\":\"https:\\\/\\\/dayoff.si\\\/?product=blackmagic-pyxis#primaryimage\"},\"image\":{\"@id\":\"https:\\\/\\\/dayoff.si\\\/?product=blackmagic-pyxis#primaryimage\"},\"thumbnailUrl\":\"https:\\/\\/dayoff.si\\/wp-content\\/uploads\\/2026\\/02\\/pyxis.jpg\",\"datePublished\":\"2026-02-28T14:05:07+00:00\",\"dateModified\":\"2026-03-17T19:44:16+00:00\",\"breadcrumb\":{\"@id\":\"https:\\\/\\\/dayoff.si\\\/?product=blackmagic-pyxis#breadcrumb\"},\"inLanguage\":\"sl-SI\",\"potentialAction\":[{\"@type\":\"ReadAction\",\"target\":[\"https:\\\/\\\/dayoff.si\\\/?product=blackmagic-pyxis\"]}]},{\"@type\":\"ImageObject\",\"inLanguage\":\"sl-SI\",\"@id\":\"https:\\\/\\\/dayoff.si\\\/?product=blackmagic-pyxis#primaryimage\",\"url\":\"https:\\/\\/dayoff.si\\/wp-content\\/uploads\\/2026\\/02\\/pyxis.jpg\",\"contentUrl\":\"https:\\/\\/dayoff.si\\/wp-content\\/uploads\\/2026\\/02\\/pyxis.jpg\",\"width\":640,\"height\":640},{\"@type\":\"BreadcrumbList\",\"@id\":\"https:\\\/\\\/dayoff.si\\\/?product=blackmagic-pyxis#breadcrumb\",\"itemListElement\":[{\"@type\":\"ListItem\",\"position\":1,\"name\":\"Home\",\"item\":\"https:\\\/\\\/dayoff.si\\\/\"},{\"@type\":\"ListItem\",\"position\":2,\"name\":\"Products\",\"item\":\"https:\\\/\\\/dayoff.si\\\/?post_type=product\"},{\"@type\":\"ListItem\",\"position\":3,\"name\":\"Blackmagic PYXIS 6k EF\"}]},{\"@type\":\"WebSite\",\"@id\":\"https:\\\/\\\/dayoff.si\\\/#website\",\"url\":\"https:\\\/\\\/dayoff.si\\\/\",\"name\":\"dayOFF\",\"description\":\"Produkcija in najem opreme\",\"publisher\":{\"@id\":\"https:\\\/\\\/dayoff.si\\\/#organization\"},\"potentialAction\":[{\"@type\":\"SearchAction\",\"target\":{\"@type\":\"EntryPoint\",\"urlTemplate\":\"https:\\\/\\\/dayoff.si\\\/?s={search_term_string}\"},\"query-input\":{\"@type\":\"PropertyValueSpecification\",\"valueRequired\":true,\"valueName\":\"search_term_string\"}}],\"inLanguage\":\"sl-SI\"},{\"@type\":\"Organization\",\"@id\":\"https:\\\/\\\/dayoff.si\\\/#organization\",\"name\":\"dayOFF\",\"url\":\"https:\\\/\\\/dayoff.si\\\/\",\"logo\":{\"@type\":\"ImageObject\",\"inLanguage\":\"sl-SI\",\"@id\":\"https:\\\/\\\/dayoff.si\\\/#\\\/schema\\\/logo\\\/image\\\/\",\"url\":\"https:\\/\\/dayoff.si\\/wp-content\\/uploads\\/2026\\/02\\/crna_rdeca.webp\",\"contentUrl\":\"https:\\/\\/dayoff.si\\/wp-content\\/uploads\\/2026\\/02\\/crna_rdeca.webp\",\"width\":567,\"height\":450,\"caption\":\"dayOFF\"},\"image\":{\"@id\":\"https:\\\/\\\/dayoff.si\\\/#\\\/schema\\\/logo\\\/image\\\/\"},\"sameAs\":[\"https:\\\/\\\/www.instagram.com\\\/dayoff.si\\\/\"]}]}<\/script>\n<!-- \/ Yoast SEO plugin. -->","yoast_head_json":{"title":"Blackmagic PYXIS 6k EF - DAYOFF produkcija","robots":{"index":"index","follow":"follow","max-snippet":"max-snippet:-1","max-image-preview":"max-image-preview:large","max-video-preview":"max-video-preview:-1"},"canonical":"https:\/\/dayoff.si\/?product=blackmagic-pyxis","og_locale":"sl_SI","og_type":"article","og_title":"Blackmagic PYXIS 6k EF - DAYOFF produkcija","og_description":"Za povpra\u0161evanje naju kontaktiraj.","og_url":"https:\/\/dayoff.si\/?product=blackmagic-pyxis","og_site_name":"DAYOFF produkcija","article_modified_time":"2026-03-17T19:44:16+00:00","og_image":[{"width":640,"height":640,"url":"https:\/\/mllbznnbnpgc.i.optimole.com\/w:640\/h:640\/q:mauto\/f:best\/https:\/\/dayoff.si\/wp-content\/uploads\/2026\/02\/pyxis.jpg","type":"image\/jpeg"}],"twitter_card":"summary_large_image","twitter_misc":{"Est. reading time":"1 minuta"},"schema":{"@context":"https:\/\/schema.org","@graph":[{"@type":"WebPage","@id":"https:\/\/dayoff.si\/?product=blackmagic-pyxis","url":"https:\/\/dayoff.si\/?product=blackmagic-pyxis","name":"Blackmagic PYXIS 6k EF - DAYOFF produkcija","isPartOf":{"@id":"https:\/\/dayoff.si\/#website"},"primaryImageOfPage":{"@id":"https:\/\/dayoff.si\/?product=blackmagic-pyxis#primaryimage"},"image":{"@id":"https:\/\/dayoff.si\/?product=blackmagic-pyxis#primaryimage"},"thumbnailUrl":"https:\/\/mllbznnbnpgc.i.optimole.com\/w:auto\/h:auto\/q:mauto\/f:best\/https:\/\/dayoff.si\/wp-content\/uploads\/2026\/02\/pyxis.jpg","datePublished":"2026-02-28T14:05:07+00:00","dateModified":"2026-03-17T19:44:16+00:00","breadcrumb":{"@id":"https:\/\/dayoff.si\/?product=blackmagic-pyxis#breadcrumb"},"inLanguage":"sl-SI","potentialAction":[{"@type":"ReadAction","target":["https:\/\/dayoff.si\/?product=blackmagic-pyxis"]}]},{"@type":"ImageObject","inLanguage":"sl-SI","@id":"https:\/\/dayoff.si\/?product=blackmagic-pyxis#primaryimage","url":"https:\/\/mllbznnbnpgc.i.optimole.com\/w:auto\/h:auto\/q:mauto\/f:best\/https:\/\/dayoff.si\/wp-content\/uploads\/2026\/02\/pyxis.jpg","contentUrl":"https:\/\/mllbznnbnpgc.i.optimole.com\/w:auto\/h:auto\/q:mauto\/f:best\/https:\/\/dayoff.si\/wp-content\/uploads\/2026\/02\/pyxis.jpg","width":640,"height":640},{"@type":"BreadcrumbList","@id":"https:\/\/dayoff.si\/?product=blackmagic-pyxis#breadcrumb","itemListElement":[{"@type":"ListItem","position":1,"name":"Home","item":"https:\/\/dayoff.si\/"},{"@type":"ListItem","position":2,"name":"Products","item":"https:\/\/dayoff.si\/?post_type=product"},{"@type":"ListItem","position":3,"name":"Blackmagic PYXIS 6k EF"}]},{"@type":"WebSite","@id":"https:\/\/dayoff.si\/#website","url":"https:\/\/dayoff.si\/","name":"dayOFF","description":"Produkcija in najem opreme","publisher":{"@id":"https:\/\/dayoff.si\/#organization"},"potentialAction":[{"@type":"SearchAction","target":{"@type":"EntryPoint","urlTemplate":"https:\/\/dayoff.si\/?s={search_term_string}"},"query-input":{"@type":"PropertyValueSpecification","valueRequired":true,"valueName":"search_term_string"}}],"inLanguage":"sl-SI"},{"@type":"Organization","@id":"https:\/\/dayoff.si\/#organization","name":"dayOFF","url":"https:\/\/dayoff.si\/","logo":{"@type":"ImageObject","inLanguage":"sl-SI","@id":"https:\/\/dayoff.si\/#\/schema\/logo\/image\/","url":"https:\/\/mllbznnbnpgc.i.optimole.com\/w:auto\/h:auto\/q:mauto\/f:best\/https:\/\/dayoff.si\/wp-content\/uploads\/2026\/02\/crna_rdeca.webp","contentUrl":"https:\/\/mllbznnbnpgc.i.optimole.com\/w:auto\/h:auto\/q:mauto\/f:best\/https:\/\/dayoff.si\/wp-content\/uploads\/2026\/02\/crna_rdeca.webp","width":567,"height":450,"caption":"dayOFF"},"image":{"@id":"https:\/\/dayoff.si\/#\/schema\/logo\/image\/"},"sameAs":["https:\/\/www.instagram.com\/dayoff.si\/"]}]}},"_links":{"self":[{"href":"https:\/\/dayoff.si\/index.php?rest_route=\/wp\/v2\/product\/240","targetHints":{"allow":["GET"]}}],"collection":[{"href":"https:\/\/dayoff.si\/index.php?rest_route=\/wp\/v2\/product"}],"about":[{"href":"https:\/\/dayoff.si\/index.php?rest_route=\/wp\/v2\/types\/product"}],"wp:featuredmedia":[{"embeddable":true,"href":"https:\/\/dayoff.si\/index.php?rest_route=\/wp\/v2\/media\/241"}],"wp:attachment":[{"href":"https:\/\/dayoff.si\/index.php?rest_route=%2Fwp%2Fv2%2Fmedia&parent=240"}],"wp:term":[{"taxonomy":"product_brand","embeddable":true,"href":"https:\/\/dayoff.si\/index.php?rest_route=%2Fwp%2Fv2%2Fproduct_brand&post=240"},{"taxonomy":"product_cat","embeddable":true,"href":"https:\/\/dayoff.si\/index.php?rest_route=%2Fwp%2Fv2%2Fproduct_cat&post=240"},{"taxonomy":"product_tag","embeddable":true,"href":"https:\/\/dayoff.si\/index.php?rest_route=%2Fwp%2Fv2%2Fproduct_tag&post=240"}],"curies":[{"name":"wp","href":"https:\/\/api.w.org\/{rel}","templated":true}]}}