{"id":775,"date":"2026-04-21T19:31:34","date_gmt":"2026-04-21T18:31:34","guid":{"rendered":"https:\/\/dayoff.si\/?post_type=product&#038;p=775"},"modified":"2026-04-21T19:40:57","modified_gmt":"2026-04-21T18:40:57","slug":"tilta-mirage-matte-box-vnd","status":"publish","type":"product","link":"https:\/\/dayoff.si\/?product=tilta-mirage-matte-box-vnd","title":{"rendered":"Tilta Mirage Matte Box VND"},"content":{"rendered":"<p class=\"p1\">Lahka in modularna matte box re\u0161itev z vgrajenim variabilnim ND filtrom (VND) za hitro in natan\u010dno kontrolo osvetlitve. Omogo\u010da enostavno prilagajanje svetlobe brez menjave filtrov, hkrati pa zmanj\u0161uje ble\u0161\u010danje in ne\u017eelene odboje. Idealna za video produkcijo na terenu in hitre snemalne postavitve.<\/p>\n","protected":false},"excerpt":{"rendered":"<p>Lahka in modularna matte box re\u0161itev z vgrajenim variabilnim ND filtrom (VND) za hitro in natan\u010dno kontrolo osvetlitve. Omogo\u010da enostavno prilagajanje svetlobe brez menjave filtrov, hkrati pa zmanj\u0161uje ble\u0161\u010danje in ne\u017eelene odboje. Idealna za video produkcijo na terenu in hitre snemalne postavitve.<\/p>\n","protected":false},"featured_media":778,"template":"","meta":{"_themeisle_gutenberg_block_has_review":false},"product_brand":[],"product_cat":[22],"product_tag":[],"class_list":{"0":"post-775","1":"product","2":"type-product","3":"status-publish","4":"has-post-thumbnail","6":"product_cat-video","8":"entry","9":"has-media","11":"first","12":"instock","13":"shipping-taxable","14":"purchasable","15":"product-type-simple","16":"has-product-nav","17":"col","18":"span_1_of_4","19":"owp-content-center","20":"owp-thumbs-layout-horizontal","21":"owp-btn-normal","22":"owp-tabs-layout-section","23":"has-no-thumbnails"},"yoast_head":"<!-- This site is optimized with the Yoast SEO plugin v27.4 - https:\/\/yoast.com\/product\/yoast-seo-wordpress\/ -->\n<title>Tilta Mirage Matte Box VND - DAYOFF produkcija<\/title>\n<meta name=\"description\" content=\"Lahka in modularna matte box re\u0161itev z vgrajenim variabilnim ND filtrom (VND) za hitro in natan\u010dno kontrolo osvetlitve. Omogo\u010da enostavno prilagajanje svetlobe brez menjave filtrov, hkrati pa zmanj\u0161uje ble\u0161\u010danje in ne\u017eelene odboje. Idealna za video produkcijo na terenu in hitre snemalne postavitve.\" \/>\n<meta name=\"robots\" content=\"index, follow, max-snippet:-1, max-image-preview:large, max-video-preview:-1\" \/>\n<link rel=\"canonical\" href=\"https:\/\/dayoff.si\/?product=tilta-mirage-matte-box-vnd\" \/>\n<meta property=\"og:locale\" content=\"sl_SI\" \/>\n<meta property=\"og:type\" content=\"article\" \/>\n<meta property=\"og:title\" content=\"Tilta Mirage Matte Box VND - DAYOFF produkcija\" \/>\n<meta property=\"og:description\" content=\"Lahka in modularna matte box re\u0161itev z vgrajenim variabilnim ND filtrom (VND) za hitro in natan\u010dno kontrolo osvetlitve. Omogo\u010da enostavno prilagajanje svetlobe brez menjave filtrov, hkrati pa zmanj\u0161uje ble\u0161\u010danje in ne\u017eelene odboje. Idealna za video produkcijo na terenu in hitre snemalne postavitve.\" \/>\n<meta property=\"og:url\" content=\"https:\/\/dayoff.si\/?product=tilta-mirage-matte-box-vnd\" \/>\n<meta property=\"og:site_name\" content=\"DAYOFF produkcija\" \/>\n<meta property=\"article:modified_time\" content=\"2026-04-21T18:40:57+00:00\" \/>\n<meta property=\"og:image\" content=\"https:\/\/mllbznnbnpgc.i.optimole.com\/w:auto\/h:auto\/q:mauto\/f:best\/https:\/\/dayoff.si\/wp-content\/uploads\/2026\/04\/Tilta-mirrage-matte-vnd-2.webp\" \/>\n\t<meta property=\"og:image:width\" content=\"800\" \/>\n\t<meta property=\"og:image:height\" content=\"800\" \/>\n\t<meta property=\"og:image:type\" content=\"image\/webp\" \/>\n<meta name=\"twitter:card\" content=\"summary_large_image\" \/>\n<meta name=\"twitter:label1\" content=\"Est. reading time\" \/>\n\t<meta name=\"twitter:data1\" content=\"1 minuta\" \/>\n<script type=\"application\/ld+json\" class=\"yoast-schema-graph\">{\"@context\":\"https:\\\/\\\/schema.org\",\"@graph\":[{\"@type\":\"WebPage\",\"@id\":\"https:\\\/\\\/dayoff.si\\\/?product=tilta-mirage-matte-box-vnd\",\"url\":\"https:\\\/\\\/dayoff.si\\\/?product=tilta-mirage-matte-box-vnd\",\"name\":\"Tilta Mirage Matte Box VND - DAYOFF produkcija\",\"isPartOf\":{\"@id\":\"https:\\\/\\\/dayoff.si\\\/#website\"},\"primaryImageOfPage\":{\"@id\":\"https:\\\/\\\/dayoff.si\\\/?product=tilta-mirage-matte-box-vnd#primaryimage\"},\"image\":{\"@id\":\"https:\\\/\\\/dayoff.si\\\/?product=tilta-mirage-matte-box-vnd#primaryimage\"},\"thumbnailUrl\":\"https:\\/\\/dayoff.si\\/wp-content\\/uploads\\/2026\\/04\\/Tilta-mirrage-matte-vnd-2.webp\",\"datePublished\":\"2026-04-21T18:31:34+00:00\",\"dateModified\":\"2026-04-21T18:40:57+00:00\",\"description\":\"Lahka in modularna matte box re\u0161itev z vgrajenim variabilnim ND filtrom (VND) za hitro in natan\u010dno kontrolo osvetlitve. Omogo\u010da enostavno prilagajanje svetlobe brez menjave filtrov, hkrati pa zmanj\u0161uje ble\u0161\u010danje in ne\u017eelene odboje. Idealna za video produkcijo na terenu in hitre snemalne postavitve.\",\"breadcrumb\":{\"@id\":\"https:\\\/\\\/dayoff.si\\\/?product=tilta-mirage-matte-box-vnd#breadcrumb\"},\"inLanguage\":\"sl-SI\",\"potentialAction\":[{\"@type\":\"ReadAction\",\"target\":[\"https:\\\/\\\/dayoff.si\\\/?product=tilta-mirage-matte-box-vnd\"]}]},{\"@type\":\"ImageObject\",\"inLanguage\":\"sl-SI\",\"@id\":\"https:\\\/\\\/dayoff.si\\\/?product=tilta-mirage-matte-box-vnd#primaryimage\",\"url\":\"https:\\/\\/dayoff.si\\/wp-content\\/uploads\\/2026\\/04\\/Tilta-mirrage-matte-vnd-2.webp\",\"contentUrl\":\"https:\\/\\/dayoff.si\\/wp-content\\/uploads\\/2026\\/04\\/Tilta-mirrage-matte-vnd-2.webp\",\"width\":800,\"height\":800},{\"@type\":\"BreadcrumbList\",\"@id\":\"https:\\\/\\\/dayoff.si\\\/?product=tilta-mirage-matte-box-vnd#breadcrumb\",\"itemListElement\":[{\"@type\":\"ListItem\",\"position\":1,\"name\":\"Home\",\"item\":\"https:\\\/\\\/dayoff.si\\\/\"},{\"@type\":\"ListItem\",\"position\":2,\"name\":\"Products\",\"item\":\"https:\\\/\\\/dayoff.si\\\/?post_type=product\"},{\"@type\":\"ListItem\",\"position\":3,\"name\":\"Tilta Mirage Matte Box VND\"}]},{\"@type\":\"WebSite\",\"@id\":\"https:\\\/\\\/dayoff.si\\\/#website\",\"url\":\"https:\\\/\\\/dayoff.si\\\/\",\"name\":\"dayOFF\",\"description\":\"Produkcija in najem opreme\",\"publisher\":{\"@id\":\"https:\\\/\\\/dayoff.si\\\/#organization\"},\"potentialAction\":[{\"@type\":\"SearchAction\",\"target\":{\"@type\":\"EntryPoint\",\"urlTemplate\":\"https:\\\/\\\/dayoff.si\\\/?s={search_term_string}\"},\"query-input\":{\"@type\":\"PropertyValueSpecification\",\"valueRequired\":true,\"valueName\":\"search_term_string\"}}],\"inLanguage\":\"sl-SI\"},{\"@type\":\"Organization\",\"@id\":\"https:\\\/\\\/dayoff.si\\\/#organization\",\"name\":\"dayOFF\",\"url\":\"https:\\\/\\\/dayoff.si\\\/\",\"logo\":{\"@type\":\"ImageObject\",\"inLanguage\":\"sl-SI\",\"@id\":\"https:\\\/\\\/dayoff.si\\\/#\\\/schema\\\/logo\\\/image\\\/\",\"url\":\"https:\\/\\/dayoff.si\\/wp-content\\/uploads\\/2026\\/02\\/crna_rdeca.webp\",\"contentUrl\":\"https:\\/\\/dayoff.si\\/wp-content\\/uploads\\/2026\\/02\\/crna_rdeca.webp\",\"width\":567,\"height\":450,\"caption\":\"dayOFF\"},\"image\":{\"@id\":\"https:\\\/\\\/dayoff.si\\\/#\\\/schema\\\/logo\\\/image\\\/\"},\"sameAs\":[\"https:\\\/\\\/www.instagram.com\\\/dayoff.si\\\/\"]}]}<\/script>\n<!-- \/ Yoast SEO plugin. -->","yoast_head_json":{"title":"Tilta Mirage Matte Box VND - DAYOFF produkcija","description":"Lahka in modularna matte box re\u0161itev z vgrajenim variabilnim ND filtrom (VND) za hitro in natan\u010dno kontrolo osvetlitve. Omogo\u010da enostavno prilagajanje svetlobe brez menjave filtrov, hkrati pa zmanj\u0161uje ble\u0161\u010danje in ne\u017eelene odboje. Idealna za video produkcijo na terenu in hitre snemalne postavitve.","robots":{"index":"index","follow":"follow","max-snippet":"max-snippet:-1","max-image-preview":"max-image-preview:large","max-video-preview":"max-video-preview:-1"},"canonical":"https:\/\/dayoff.si\/?product=tilta-mirage-matte-box-vnd","og_locale":"sl_SI","og_type":"article","og_title":"Tilta Mirage Matte Box VND - DAYOFF produkcija","og_description":"Lahka in modularna matte box re\u0161itev z vgrajenim variabilnim ND filtrom (VND) za hitro in natan\u010dno kontrolo osvetlitve. Omogo\u010da enostavno prilagajanje svetlobe brez menjave filtrov, hkrati pa zmanj\u0161uje ble\u0161\u010danje in ne\u017eelene odboje. Idealna za video produkcijo na terenu in hitre snemalne postavitve.","og_url":"https:\/\/dayoff.si\/?product=tilta-mirage-matte-box-vnd","og_site_name":"DAYOFF produkcija","article_modified_time":"2026-04-21T18:40:57+00:00","og_image":[{"width":800,"height":800,"url":"https:\/\/mllbznnbnpgc.i.optimole.com\/w:auto\/h:auto\/q:mauto\/f:best\/https:\/\/dayoff.si\/wp-content\/uploads\/2026\/04\/Tilta-mirrage-matte-vnd-2.webp","type":"image\/webp"}],"twitter_card":"summary_large_image","twitter_misc":{"Est. reading time":"1 minuta"},"schema":{"@context":"https:\/\/schema.org","@graph":[{"@type":"WebPage","@id":"https:\/\/dayoff.si\/?product=tilta-mirage-matte-box-vnd","url":"https:\/\/dayoff.si\/?product=tilta-mirage-matte-box-vnd","name":"Tilta Mirage Matte Box VND - DAYOFF produkcija","isPartOf":{"@id":"https:\/\/dayoff.si\/#website"},"primaryImageOfPage":{"@id":"https:\/\/dayoff.si\/?product=tilta-mirage-matte-box-vnd#primaryimage"},"image":{"@id":"https:\/\/dayoff.si\/?product=tilta-mirage-matte-box-vnd#primaryimage"},"thumbnailUrl":"https:\/\/mllbznnbnpgc.i.optimole.com\/w:auto\/h:auto\/q:mauto\/f:best\/https:\/\/dayoff.si\/wp-content\/uploads\/2026\/04\/Tilta-mirrage-matte-vnd-2.webp","datePublished":"2026-04-21T18:31:34+00:00","dateModified":"2026-04-21T18:40:57+00:00","description":"Lahka in modularna matte box re\u0161itev z vgrajenim variabilnim ND filtrom (VND) za hitro in natan\u010dno kontrolo osvetlitve. Omogo\u010da enostavno prilagajanje svetlobe brez menjave filtrov, hkrati pa zmanj\u0161uje ble\u0161\u010danje in ne\u017eelene odboje. Idealna za video produkcijo na terenu in hitre snemalne postavitve.","breadcrumb":{"@id":"https:\/\/dayoff.si\/?product=tilta-mirage-matte-box-vnd#breadcrumb"},"inLanguage":"sl-SI","potentialAction":[{"@type":"ReadAction","target":["https:\/\/dayoff.si\/?product=tilta-mirage-matte-box-vnd"]}]},{"@type":"ImageObject","inLanguage":"sl-SI","@id":"https:\/\/dayoff.si\/?product=tilta-mirage-matte-box-vnd#primaryimage","url":"https:\/\/mllbznnbnpgc.i.optimole.com\/w:auto\/h:auto\/q:mauto\/f:best\/https:\/\/dayoff.si\/wp-content\/uploads\/2026\/04\/Tilta-mirrage-matte-vnd-2.webp","contentUrl":"https:\/\/mllbznnbnpgc.i.optimole.com\/w:auto\/h:auto\/q:mauto\/f:best\/https:\/\/dayoff.si\/wp-content\/uploads\/2026\/04\/Tilta-mirrage-matte-vnd-2.webp","width":800,"height":800},{"@type":"BreadcrumbList","@id":"https:\/\/dayoff.si\/?product=tilta-mirage-matte-box-vnd#breadcrumb","itemListElement":[{"@type":"ListItem","position":1,"name":"Home","item":"https:\/\/dayoff.si\/"},{"@type":"ListItem","position":2,"name":"Products","item":"https:\/\/dayoff.si\/?post_type=product"},{"@type":"ListItem","position":3,"name":"Tilta Mirage Matte Box VND"}]},{"@type":"WebSite","@id":"https:\/\/dayoff.si\/#website","url":"https:\/\/dayoff.si\/","name":"dayOFF","description":"Produkcija in najem opreme","publisher":{"@id":"https:\/\/dayoff.si\/#organization"},"potentialAction":[{"@type":"SearchAction","target":{"@type":"EntryPoint","urlTemplate":"https:\/\/dayoff.si\/?s={search_term_string}"},"query-input":{"@type":"PropertyValueSpecification","valueRequired":true,"valueName":"search_term_string"}}],"inLanguage":"sl-SI"},{"@type":"Organization","@id":"https:\/\/dayoff.si\/#organization","name":"dayOFF","url":"https:\/\/dayoff.si\/","logo":{"@type":"ImageObject","inLanguage":"sl-SI","@id":"https:\/\/dayoff.si\/#\/schema\/logo\/image\/","url":"https:\/\/mllbznnbnpgc.i.optimole.com\/w:auto\/h:auto\/q:mauto\/f:best\/https:\/\/dayoff.si\/wp-content\/uploads\/2026\/02\/crna_rdeca.webp","contentUrl":"https:\/\/mllbznnbnpgc.i.optimole.com\/w:auto\/h:auto\/q:mauto\/f:best\/https:\/\/dayoff.si\/wp-content\/uploads\/2026\/02\/crna_rdeca.webp","width":567,"height":450,"caption":"dayOFF"},"image":{"@id":"https:\/\/dayoff.si\/#\/schema\/logo\/image\/"},"sameAs":["https:\/\/www.instagram.com\/dayoff.si\/"]}]}},"_links":{"self":[{"href":"https:\/\/dayoff.si\/index.php?rest_route=\/wp\/v2\/product\/775","targetHints":{"allow":["GET"]}}],"collection":[{"href":"https:\/\/dayoff.si\/index.php?rest_route=\/wp\/v2\/product"}],"about":[{"href":"https:\/\/dayoff.si\/index.php?rest_route=\/wp\/v2\/types\/product"}],"wp:featuredmedia":[{"embeddable":true,"href":"https:\/\/dayoff.si\/index.php?rest_route=\/wp\/v2\/media\/778"}],"wp:attachment":[{"href":"https:\/\/dayoff.si\/index.php?rest_route=%2Fwp%2Fv2%2Fmedia&parent=775"}],"wp:term":[{"taxonomy":"product_brand","embeddable":true,"href":"https:\/\/dayoff.si\/index.php?rest_route=%2Fwp%2Fv2%2Fproduct_brand&post=775"},{"taxonomy":"product_cat","embeddable":true,"href":"https:\/\/dayoff.si\/index.php?rest_route=%2Fwp%2Fv2%2Fproduct_cat&post=775"},{"taxonomy":"product_tag","embeddable":true,"href":"https:\/\/dayoff.si\/index.php?rest_route=%2Fwp%2Fv2%2Fproduct_tag&post=775"}],"curies":[{"name":"wp","href":"https:\/\/api.w.org\/{rel}","templated":true}]}}